{"id":9,"date":"2020-02-13T16:52:10","date_gmt":"2020-02-13T16:52:10","guid":{"rendered":"https:\/\/tendo-aikido-verband.eu\/?page_id=9"},"modified":"2023-01-22T14:28:20","modified_gmt":"2023-01-22T14:28:20","slug":"home","status":"publish","type":"page","link":"https:\/\/tendo-aikido-verband.eu\/","title":{"rendered":"Home"},"content":{"rendered":"\n<h2 class=\"wp-block-heading\">F\u00fcr Aktuelles zu Aikidolehrg\u00e4ngen schaut bitte auf unsere Termin-Seite!<\/h2>\n\n\n\n<p>Der <strong>Tendo Aikido-Verband e.V. (TAV e.V.)<\/strong> hat seine Wurzeln in Schleswig-Holstein.<\/p>\n\n\n\n<p>1966 wurde die japanische Kampfkunst Aikido erstmalig als eigenst\u00e4ndige Abteilung in den L\u00fcbecker Judo-Club e.V. aufgenommen. Das zog die Gr\u00fcndung weiterer Aikido-Vereine bzw. Aikidoabteilungen in Schleswig-Holstein nach sich. Einige  davon organisierten sich als Sektion Aikido im Judo-Verband  Schleswig-Holstein e.V. (JVSH) und Rolf Brand wurde der erste  Landessachbearbeiter Aikido.<\/p>\n\n\n\n<p>1977  erfolgte auf Bundesebene die Spaltung der Sektion Aikido im Deutschen  Judo-Bund e.V., was regional auch eine Spaltung in Schleswig-Holstein  zufolge hatte.<\/p>\n\n\n\n<p>Rolf  Brand verlie\u00df mit mehreren Vereinen die Sektion Aikido im JVSH. Er  gr\u00fcndete den Deutschen Aikido-Bund e.V. (DAB) und auf Landesebene den  Aikido-Verband Schleswig-Holstein e.V. (AVSH).<\/p>\n\n\n\n<p>Gerd  Bennewitz vom L\u00fcbecker Judo-Club e.V wurde sein Nachfolger als  Landes-sachbearbeiter der Sektion Aikido im JVSH. 1988 verlie\u00df dieser  mit der Aikidoabteilung des L\u00fcbecker Judo-Clubs e.V. den JVSH und schlo\u00df  sich dem AVSH an.<br><br>Klaus Kr\u00fcger vom ATSV Stockelsdorf wurde nun Landessachbearbeiter der Sektion Aikido.<\/p>\n\n\n\n<p>1993  traten dann auch die Aikidoka der Sektion Aikido im JVSH aus diesem aus  und gr\u00fcndeten den Tendoryu-Aikido-Verband Schleswig-Holstein e.V.<\/p>\n\n\n\n<p>Dieser wurde als autonomer Verband Mitglied im Tendoryu Aikido Deutschland e.V. (TAD). <\/p>\n\n\n\n<p>Im Jahre 2001 verlie\u00df der TAV-SH e.V. den TAD e.V.<\/p>\n\n\n\n<p>Seit seiner Umbenennung im Jahre 2002 f\u00fchrt er nun den Namen <strong>Tendo Aikido-Verband e.V. (TAV) <\/strong>und agiert wieder als selbst\u00e4ndiger Bundesverband.<\/p>\n","protected":false},"excerpt":{"rendered":"<p>F\u00fcr Aktuelles zu Aikidolehrg\u00e4ngen schaut bitte auf unsere Termin-Seite! Der Tendo Aikido-Verband e.V. (TAV e.V.) hat seine Wurzeln in Schleswig-Holstein. 1966 wurde die japanische Kampfkunst Aikido erstmalig als eigenst\u00e4ndige Abteilung in den L\u00fcbecker Judo-Club e.V. aufgenommen. Das zog die Gr\u00fcndung weiterer Aikido-Vereine bzw. Aikidoabteilungen in Schleswig-Holstein nach sich. Einige davon organisierten sich als Sektion Aikido &hellip; <\/p>\n","protected":false},"author":1,"featured_media":0,"parent":0,"menu_order":0,"comment_status":"closed","ping_status":"closed","template":"","meta":{"footnotes":""},"class_list":["post-9","page","type-page","status-publish","hentry"],"_links":{"self":[{"href":"https:\/\/tendo-aikido-verband.eu\/index.php?rest_route=\/wp\/v2\/pages\/9","targetHints":{"allow":["GET"]}}],"collection":[{"href":"https:\/\/tendo-aikido-verband.eu\/index.php?rest_route=\/wp\/v2\/pages"}],"about":[{"href":"https:\/\/tendo-aikido-verband.eu\/index.php?rest_route=\/wp\/v2\/types\/page"}],"author":[{"embeddable":true,"href":"https:\/\/tendo-aikido-verband.eu\/index.php?rest_route=\/wp\/v2\/users\/1"}],"replies":[{"embeddable":true,"href":"https:\/\/tendo-aikido-verband.eu\/index.php?rest_route=%2Fwp%2Fv2%2Fcomments&post=9"}],"version-history":[{"count":7,"href":"https:\/\/tendo-aikido-verband.eu\/index.php?rest_route=\/wp\/v2\/pages\/9\/revisions"}],"predecessor-version":[{"id":138,"href":"https:\/\/tendo-aikido-verband.eu\/index.php?rest_route=\/wp\/v2\/pages\/9\/revisions\/138"}],"wp:attachment":[{"href":"https:\/\/tendo-aikido-verband.eu\/index.php?rest_route=%2Fwp%2Fv2%2Fmedia&parent=9"}],"curies":[{"name":"wp","href":"https:\/\/api.w.org\/{rel}","templated":true}]}}