{"id":7,"date":"2020-02-13T16:55:52","date_gmt":"2020-02-13T16:55:52","guid":{"rendered":"https:\/\/tendo-aikido-verband.eu\/?page_id=7"},"modified":"2020-02-13T16:56:09","modified_gmt":"2020-02-13T16:56:09","slug":"datenschutzerklaerung","status":"publish","type":"page","link":"https:\/\/tendo-aikido-verband.eu\/?page_id=7","title":{"rendered":"Datenschutzerkl\u00e4rung"},"content":{"rendered":"\n<h2 class=\"wp-block-heading\">1. Allgemeines<\/h2>\n\n\n\n<p>Der Tendo Aikido-Verband e.V. nimmt den Schutz ihrer Daten sehr ernst. Wir behandeln ihre personen\u00adbezogenen Daten vertraulich und ent\u00adsprechend der gesetz\u00adlichen Daten\u00adschutz\u00advor\u00adschriften sowie dieser Daten\u00adschutz\u00aderkl\u00e4rung.<br>Die Nutzung unserer Website ist in der Regel ohne die Angaben personen\u00adbezogener Daten m\u00f6glich. Sofern personen\u00adbezogene Daten (beispiels\u00adweise Name, An\u00adschrift oder E-Mail-Adressen) erhoben werden, erfolgt dies, soweit m\u00f6glich, stets auf frei\u00adwilliger Basis. Die Daten werden ohne ihre aus\u00addr\u00fcck\u00adliche Zu\u00adstimmung nicht an Dritte weiter\u00adgegeben und nur f\u00fcr die hier be\u00adschriebenen Zwecke verwendet.<br>Wir weisen darauf hin, dass die Daten\u00ad\u00fcbertragung im Internet (z.B. bei der Kommuni\u00adkation per E-Mail oder Kontakt\u00adformularen) Sicher\u00adheits\u00adl\u00fccken auf\u00adweisen kann.<\/p>\n\n\n\n<h2 class=\"wp-block-heading\">2. Ihre Rechte<\/h2>\n\n\n\n<p>Sie haben das Recht, jeder\u00adzeit die Korrektur oder L\u00f6schung der \u00fcber Sie ge\u00adspeicherten Daten zu be\u00adantragen. Sie haben ferner das Recht, Aus\u00adkunft \u00fcber die \u00fcber Sie ge\u00adspeicherten Daten zu erhalten.<\/p>\n\n\n\n<p>Sie haben das Recht, jederzeit die Ein\u00adwilligung zur zu\u00adk\u00fcnftigen Nutzung Ihrer Daten zu wider\u00adrufen. Die Recht\u00adm\u00e4\u00dfigkeit der bis zu diesem Zeit\u00adpunkt durch die Ein\u00adwilligung erfolgten Daten\u00adverarbeitung wird hiervon nicht ber\u00fchrt.<\/p>\n\n\n\n<p>Sie haben das Recht, sich bei einer Aufsichts\u00adbeh\u00f6rde zu beschweren, sofern Sie der Ansicht sind, dass Ihre Daten un\u00adrecht\u00adm\u00e4\u00dfig erhoben werden oder ein anderer Versto\u00df gegen die EU-Daten\u00adschutz-Grund\u00adverordnung (DSGVO) vorliegt.<\/p>\n\n\n\n<p>Ferner haben Sie das Recht, die \u00fcber Sie ge\u00adspeicherten Daten in struk\u00adturierter, g\u00e4ngiger und maschinen\u00adlesbarer Form zu er\u00adhalten und an einen anderen An\u00adbieter zu \u00fcber\u00adtragen oder diese Daten\u00ad\u00fcber\u00adtragung zu beauf\u00adtragen, soweit dies technisch machbar ist.<\/p>\n\n\n\n<h2 class=\"wp-block-heading\">3. Erhobene und verar\u00adbeitete Daten<\/h2>\n\n\n\n<p>Unsere Website verwendet keine Cookies. Es werden beim Aufruf dieser Website keine IP-Adressen oder sonstige Daten ge\u00adspeichert, welche die Identit\u00e4t des Nutzers nach\u00advollziehbar machen. Ihre IP-Adresse wird lediglich in technisch not\u00adwendiger Weise zur Bereit\u00adstellung der Inhalte ver\u00adarbeitet und f\u00fcr die Dauer der Daten\u00ad\u00fcbertragung tempor\u00e4r gespeichert.<\/p>\n\n\n\n<p>Wir speichern Ihre IP-Adresse aus\u00adschlie\u00dflich dann, wenn Sie ver\u00adsuchen, sich Zu\u00adgang zu unserem in\u00adter\u00adnen Be\u00adreich zu ver\u00adschaffen.<\/p>\n\n\n\n<h2 class=\"wp-block-heading\">4. Zweck und Rechtsgrundlage<\/h2>\n\n\n\n<p>Der Zweck der Datenverarbeitung ist die technische Bereitstellung unserer Website. Die Rechtsgrundlage ergibt sich aus Art. 6 Abs. 1 lit. f DSGVO.<\/p>\n\n\n\n<h2 class=\"wp-block-heading\">5. Weiterleitung von Daten<\/h2>\n\n\n\n<p>Es werden keine Daten an Dritte weiter\u00adgeleitet.<\/p>\n\n\n\n<h2 class=\"wp-block-heading\">6. Kontakt<\/h2>\n\n\n\n<p>Sollten Sie Fragen zum Daten\u00adschutz haben, kon\u00adtak\u00adtieren Sie uns gerne per E-Mail an info@tendo-aikido-verband.eu<\/p>\n","protected":false},"excerpt":{"rendered":"<p>1. Allgemeines Der Tendo Aikido-Verband e.V. nimmt den Schutz ihrer Daten sehr ernst. Wir behandeln ihre personen\u00adbezogenen Daten vertraulich und ent\u00adsprechend der gesetz\u00adlichen Daten\u00adschutz\u00advor\u00adschriften sowie dieser Daten\u00adschutz\u00aderkl\u00e4rung.Die Nutzung unserer Website ist in der Regel ohne die Angaben personen\u00adbezogener Daten m\u00f6glich. Sofern personen\u00adbezogene Daten (beispiels\u00adweise Name, An\u00adschrift oder E-Mail-Adressen) erhoben werden, erfolgt dies, soweit m\u00f6glich, stets &hellip; <\/p>\n","protected":false},"author":1,"featured_media":0,"parent":9,"menu_order":1,"comment_status":"closed","ping_status":"closed","template":"","meta":{"footnotes":""},"class_list":["post-7","page","type-page","status-publish","hentry"],"_links":{"self":[{"href":"https:\/\/tendo-aikido-verband.eu\/index.php?rest_route=\/wp\/v2\/pages\/7","targetHints":{"allow":["GET"]}}],"collection":[{"href":"https:\/\/tendo-aikido-verband.eu\/index.php?rest_route=\/wp\/v2\/pages"}],"about":[{"href":"https:\/\/tendo-aikido-verband.eu\/index.php?rest_route=\/wp\/v2\/types\/page"}],"author":[{"embeddable":true,"href":"https:\/\/tendo-aikido-verband.eu\/index.php?rest_route=\/wp\/v2\/users\/1"}],"replies":[{"embeddable":true,"href":"https:\/\/tendo-aikido-verband.eu\/index.php?rest_route=%2Fwp%2Fv2%2Fcomments&post=7"}],"version-history":[{"count":1,"href":"https:\/\/tendo-aikido-verband.eu\/index.php?rest_route=\/wp\/v2\/pages\/7\/revisions"}],"predecessor-version":[{"id":8,"href":"https:\/\/tendo-aikido-verband.eu\/index.php?rest_route=\/wp\/v2\/pages\/7\/revisions\/8"}],"up":[{"embeddable":true,"href":"https:\/\/tendo-aikido-verband.eu\/index.php?rest_route=\/wp\/v2\/pages\/9"}],"wp:attachment":[{"href":"https:\/\/tendo-aikido-verband.eu\/index.php?rest_route=%2Fwp%2Fv2%2Fmedia&parent=7"}],"curies":[{"name":"wp","href":"https:\/\/api.w.org\/{rel}","templated":true}]}}